{"id":178,"date":"2020-05-10T15:01:25","date_gmt":"2020-05-10T13:01:25","guid":{"rendered":"http:\/\/www.johanjaccob.fr\/shop\/?post_type=product&#038;p=178"},"modified":"2024-11-10T08:30:56","modified_gmt":"2024-11-10T07:30:56","slug":"stone-from-the-sky-2019","status":"publish","type":"product","link":"https:\/\/www.johanjaccob.fr\/shop\/produit\/stone-from-the-sky-2019\/","title":{"rendered":"Stone from the sky 2019"},"content":{"rendered":"<p>S\u00e9rigraphie 4 couleurs, 50x 70 cm, sign\u00e9e et num\u00e9rot\u00e9.<br \/>\nEdition de 41 exemplaires.<\/p>\n","protected":false},"excerpt":{"rendered":"<p>S\u00e9rigraphie 4 couleurs, 50x 70 cm, sign\u00e9e et num\u00e9rot\u00e9. Edition de 41 exemplaires.<\/p>\n","protected":false},"featured_media":179,"comment_status":"open","ping_status":"closed","template":"","meta":[],"product_brand":[],"product_cat":[32,18],"product_tag":[],"class_list":{"0":"post-178","1":"product","2":"type-product","3":"status-publish","4":"has-post-thumbnail","6":"product_cat-band-poster","7":"product_cat-poster","8":"product_shipping_class-a2","10":"first","11":"instock","12":"taxable","13":"shipping-taxable","14":"purchasable","15":"product-type-simple"},"jetpack_sharing_enabled":true,"_links":{"self":[{"href":"https:\/\/www.johanjaccob.fr\/shop\/wp-json\/wp\/v2\/product\/178","targetHints":{"allow":["GET"]}}],"collection":[{"href":"https:\/\/www.johanjaccob.fr\/shop\/wp-json\/wp\/v2\/product"}],"about":[{"href":"https:\/\/www.johanjaccob.fr\/shop\/wp-json\/wp\/v2\/types\/product"}],"replies":[{"embeddable":true,"href":"https:\/\/www.johanjaccob.fr\/shop\/wp-json\/wp\/v2\/comments?post=178"}],"wp:featuredmedia":[{"embeddable":true,"href":"https:\/\/www.johanjaccob.fr\/shop\/wp-json\/wp\/v2\/media\/179"}],"wp:attachment":[{"href":"https:\/\/www.johanjaccob.fr\/shop\/wp-json\/wp\/v2\/media?parent=178"}],"wp:term":[{"taxonomy":"product_brand","embeddable":true,"href":"https:\/\/www.johanjaccob.fr\/shop\/wp-json\/wp\/v2\/product_brand?post=178"},{"taxonomy":"product_cat","embeddable":true,"href":"https:\/\/www.johanjaccob.fr\/shop\/wp-json\/wp\/v2\/product_cat?post=178"},{"taxonomy":"product_tag","embeddable":true,"href":"https:\/\/www.johanjaccob.fr\/shop\/wp-json\/wp\/v2\/product_tag?post=178"}],"curies":[{"name":"wp","href":"https:\/\/api.w.org\/{rel}","templated":true}]}}