{"id":219,"date":"2020-05-10T16:15:38","date_gmt":"2020-05-10T14:15:38","guid":{"rendered":"http:\/\/www.johanjaccob.fr\/shop\/?post_type=product&#038;p=219"},"modified":"2024-11-10T08:30:58","modified_gmt":"2024-11-10T07:30:58","slug":"iron-walrus","status":"publish","type":"product","link":"http:\/\/www.johanjaccob.fr\/shop\/produit\/iron-walrus\/","title":{"rendered":"Iron Walrus"},"content":{"rendered":"<p>S\u00e9rigraphie 4 couleurs, 50x 70 cm, sign\u00e9e et num\u00e9rot\u00e9.<br \/>\nEdition de 50 exemplaires.<\/p>\n","protected":false},"excerpt":{"rendered":"<p>S\u00e9rigraphie 4 couleurs, 50x 70 cm, sign\u00e9e et num\u00e9rot\u00e9. Edition de 50 exemplaires.<\/p>\n","protected":false},"featured_media":220,"comment_status":"open","ping_status":"closed","template":"","meta":[],"product_brand":[],"product_cat":[32,18],"product_tag":[],"class_list":{"0":"post-219","1":"product","2":"type-product","3":"status-publish","4":"has-post-thumbnail","6":"product_cat-band-poster","7":"product_cat-poster","8":"product_shipping_class-a2","10":"first","11":"instock","12":"taxable","13":"shipping-taxable","14":"purchasable","15":"product-type-simple"},"jetpack_sharing_enabled":true,"_links":{"self":[{"href":"http:\/\/www.johanjaccob.fr\/shop\/wp-json\/wp\/v2\/product\/219","targetHints":{"allow":["GET"]}}],"collection":[{"href":"http:\/\/www.johanjaccob.fr\/shop\/wp-json\/wp\/v2\/product"}],"about":[{"href":"http:\/\/www.johanjaccob.fr\/shop\/wp-json\/wp\/v2\/types\/product"}],"replies":[{"embeddable":true,"href":"http:\/\/www.johanjaccob.fr\/shop\/wp-json\/wp\/v2\/comments?post=219"}],"wp:featuredmedia":[{"embeddable":true,"href":"http:\/\/www.johanjaccob.fr\/shop\/wp-json\/wp\/v2\/media\/220"}],"wp:attachment":[{"href":"http:\/\/www.johanjaccob.fr\/shop\/wp-json\/wp\/v2\/media?parent=219"}],"wp:term":[{"taxonomy":"product_brand","embeddable":true,"href":"http:\/\/www.johanjaccob.fr\/shop\/wp-json\/wp\/v2\/product_brand?post=219"},{"taxonomy":"product_cat","embeddable":true,"href":"http:\/\/www.johanjaccob.fr\/shop\/wp-json\/wp\/v2\/product_cat?post=219"},{"taxonomy":"product_tag","embeddable":true,"href":"http:\/\/www.johanjaccob.fr\/shop\/wp-json\/wp\/v2\/product_tag?post=219"}],"curies":[{"name":"wp","href":"https:\/\/api.w.org\/{rel}","templated":true}]}}