{"id":213,"date":"2020-05-10T16:02:52","date_gmt":"2020-05-10T14:02:52","guid":{"rendered":"http:\/\/www.johanjaccob.fr\/shop\/?post_type=product&#038;p=213"},"modified":"2020-05-10T16:04:29","modified_gmt":"2020-05-10T14:04:29","slug":"yellowstock-festival-2014","status":"publish","type":"product","link":"http:\/\/www.johanjaccob.fr\/shop\/produit\/yellowstock-festival-2014\/","title":{"rendered":"Yellowstock festival 2014"},"content":{"rendered":"<p>S\u00e9rigraphie 4 couleurs, 50x 70 cm, sign\u00e9e et num\u00e9rot\u00e9.<br \/>\nEdition de 34\u00a0exemplaires.<\/p>\n","protected":false},"excerpt":{"rendered":"<p>S\u00e9rigraphie 4 couleurs, 50x 70 cm, sign\u00e9e et num\u00e9rot\u00e9. Edition de 34\u00a0exemplaires.<\/p>\n","protected":false},"featured_media":214,"comment_status":"open","ping_status":"closed","template":"","meta":[],"product_brand":[],"product_cat":[31,18],"product_tag":[],"class_list":{"0":"post-213","1":"product","2":"type-product","3":"status-publish","4":"has-post-thumbnail","6":"product_cat-fest-poster","7":"product_cat-poster","8":"product_shipping_class-a2","10":"first","11":"instock","12":"taxable","13":"shipping-taxable","14":"purchasable","15":"product-type-simple"},"jetpack_sharing_enabled":true,"_links":{"self":[{"href":"http:\/\/www.johanjaccob.fr\/shop\/wp-json\/wp\/v2\/product\/213","targetHints":{"allow":["GET"]}}],"collection":[{"href":"http:\/\/www.johanjaccob.fr\/shop\/wp-json\/wp\/v2\/product"}],"about":[{"href":"http:\/\/www.johanjaccob.fr\/shop\/wp-json\/wp\/v2\/types\/product"}],"replies":[{"embeddable":true,"href":"http:\/\/www.johanjaccob.fr\/shop\/wp-json\/wp\/v2\/comments?post=213"}],"wp:featuredmedia":[{"embeddable":true,"href":"http:\/\/www.johanjaccob.fr\/shop\/wp-json\/wp\/v2\/media\/214"}],"wp:attachment":[{"href":"http:\/\/www.johanjaccob.fr\/shop\/wp-json\/wp\/v2\/media?parent=213"}],"wp:term":[{"taxonomy":"product_brand","embeddable":true,"href":"http:\/\/www.johanjaccob.fr\/shop\/wp-json\/wp\/v2\/product_brand?post=213"},{"taxonomy":"product_cat","embeddable":true,"href":"http:\/\/www.johanjaccob.fr\/shop\/wp-json\/wp\/v2\/product_cat?post=213"},{"taxonomy":"product_tag","embeddable":true,"href":"http:\/\/www.johanjaccob.fr\/shop\/wp-json\/wp\/v2\/product_tag?post=213"}],"curies":[{"name":"wp","href":"https:\/\/api.w.org\/{rel}","templated":true}]}}