{"id":196,"date":"2020-05-10T15:34:11","date_gmt":"2020-05-10T13:34:11","guid":{"rendered":"http:\/\/www.johanjaccob.fr\/shop\/?post_type=product&#038;p=196"},"modified":"2022-02-08T06:36:47","modified_gmt":"2022-02-08T05:36:47","slug":"death-rattle-shiko-shiko-copie","status":"publish","type":"product","link":"http:\/\/www.johanjaccob.fr\/shop\/produit\/death-rattle-shiko-shiko-copie\/","title":{"rendered":"The Oscillation"},"content":{"rendered":"<p>S\u00e9rigraphie 3 couleurs, 50x 70 cm, sign\u00e9e et num\u00e9rot\u00e9.<br \/>\nEdition de 29 exemplaires.<\/p>\n","protected":false},"excerpt":{"rendered":"<p>S\u00e9rigraphie 3 couleurs, 50x 70 cm, sign\u00e9e et num\u00e9rot\u00e9. Edition de 29 exemplaires.<\/p>\n","protected":false},"featured_media":197,"comment_status":"open","ping_status":"closed","template":"","meta":[],"product_brand":[],"product_cat":[33,18],"product_tag":[],"class_list":{"0":"post-196","1":"product","2":"type-product","3":"status-publish","4":"has-post-thumbnail","6":"product_cat-gigposter","7":"product_cat-poster","8":"product_shipping_class-a2","10":"first","11":"instock","12":"taxable","13":"shipping-taxable","14":"purchasable","15":"product-type-simple"},"jetpack_sharing_enabled":true,"_links":{"self":[{"href":"http:\/\/www.johanjaccob.fr\/shop\/wp-json\/wp\/v2\/product\/196","targetHints":{"allow":["GET"]}}],"collection":[{"href":"http:\/\/www.johanjaccob.fr\/shop\/wp-json\/wp\/v2\/product"}],"about":[{"href":"http:\/\/www.johanjaccob.fr\/shop\/wp-json\/wp\/v2\/types\/product"}],"replies":[{"embeddable":true,"href":"http:\/\/www.johanjaccob.fr\/shop\/wp-json\/wp\/v2\/comments?post=196"}],"wp:featuredmedia":[{"embeddable":true,"href":"http:\/\/www.johanjaccob.fr\/shop\/wp-json\/wp\/v2\/media\/197"}],"wp:attachment":[{"href":"http:\/\/www.johanjaccob.fr\/shop\/wp-json\/wp\/v2\/media?parent=196"}],"wp:term":[{"taxonomy":"product_brand","embeddable":true,"href":"http:\/\/www.johanjaccob.fr\/shop\/wp-json\/wp\/v2\/product_brand?post=196"},{"taxonomy":"product_cat","embeddable":true,"href":"http:\/\/www.johanjaccob.fr\/shop\/wp-json\/wp\/v2\/product_cat?post=196"},{"taxonomy":"product_tag","embeddable":true,"href":"http:\/\/www.johanjaccob.fr\/shop\/wp-json\/wp\/v2\/product_tag?post=196"}],"curies":[{"name":"wp","href":"https:\/\/api.w.org\/{rel}","templated":true}]}}