{"id":174,"date":"2020-05-10T14:55:59","date_gmt":"2020-05-10T12:55:59","guid":{"rendered":"http:\/\/www.johanjaccob.fr\/shop\/?post_type=product&#038;p=174"},"modified":"2023-02-28T21:02:52","modified_gmt":"2023-02-28T20:02:52","slug":"yellowstock-festival-2019-copie","status":"publish","type":"product","link":"http:\/\/www.johanjaccob.fr\/shop\/produit\/yellowstock-festival-2019-copie\/","title":{"rendered":"Bird in the tree"},"content":{"rendered":"<p>S\u00e9rigraphie 2 couleurs, 50x 70 cm, sign\u00e9e et num\u00e9rot\u00e9.<br \/>\nEdition de 23 exemplaires.<\/p>\n","protected":false},"excerpt":{"rendered":"<p>S\u00e9rigraphie 2 couleurs, 50x 70 cm, sign\u00e9e et num\u00e9rot\u00e9. Edition de 23 exemplaires.<\/p>\n","protected":false},"featured_media":176,"comment_status":"open","ping_status":"closed","template":"","meta":[],"product_brand":[],"product_cat":[30,18],"product_tag":[],"class_list":{"0":"post-174","1":"product","2":"type-product","3":"status-publish","4":"has-post-thumbnail","6":"product_cat-illustration","7":"product_cat-poster","8":"product_shipping_class-a2","10":"first","11":"instock","12":"taxable","13":"shipping-taxable","14":"purchasable","15":"product-type-simple"},"jetpack_sharing_enabled":true,"_links":{"self":[{"href":"http:\/\/www.johanjaccob.fr\/shop\/wp-json\/wp\/v2\/product\/174","targetHints":{"allow":["GET"]}}],"collection":[{"href":"http:\/\/www.johanjaccob.fr\/shop\/wp-json\/wp\/v2\/product"}],"about":[{"href":"http:\/\/www.johanjaccob.fr\/shop\/wp-json\/wp\/v2\/types\/product"}],"replies":[{"embeddable":true,"href":"http:\/\/www.johanjaccob.fr\/shop\/wp-json\/wp\/v2\/comments?post=174"}],"wp:featuredmedia":[{"embeddable":true,"href":"http:\/\/www.johanjaccob.fr\/shop\/wp-json\/wp\/v2\/media\/176"}],"wp:attachment":[{"href":"http:\/\/www.johanjaccob.fr\/shop\/wp-json\/wp\/v2\/media?parent=174"}],"wp:term":[{"taxonomy":"product_brand","embeddable":true,"href":"http:\/\/www.johanjaccob.fr\/shop\/wp-json\/wp\/v2\/product_brand?post=174"},{"taxonomy":"product_cat","embeddable":true,"href":"http:\/\/www.johanjaccob.fr\/shop\/wp-json\/wp\/v2\/product_cat?post=174"},{"taxonomy":"product_tag","embeddable":true,"href":"http:\/\/www.johanjaccob.fr\/shop\/wp-json\/wp\/v2\/product_tag?post=174"}],"curies":[{"name":"wp","href":"https:\/\/api.w.org\/{rel}","templated":true}]}}